{"id":257,"date":"2025-09-29T22:56:41","date_gmt":"2025-09-29T20:56:41","guid":{"rendered":"https:\/\/thierrygarance.fr\/?page_id=257"},"modified":"2025-09-29T23:10:52","modified_gmt":"2025-09-29T21:10:52","slug":"sculpture-papier","status":"publish","type":"page","link":"https:\/\/thierrygarance.fr\/index.php\/sculpture-papier\/","title":{"rendered":"Sculpture Papier"},"content":{"rendered":"<div class=\"wp-block-columns is-layout-flex wp-container-core-columns-is-layout-ec2e7a44 wp-block-columns-is-layout-flex\" style=\"padding-top:0;padding-bottom:0\"><div class=\"wp-block-column is-layout-flow wp-block-column-is-layout-flow\" style=\"flex-basis:33.33%\"><figure class=\"wp-block-image size-large\"><img loading=\"lazy\" decoding=\"async\" width=\"535\" height=\"1024\" src=\"https:\/\/thierrygarance.fr\/wp-content\/uploads\/2025\/09\/paperwonder-vue-535x1024.png\" alt=\"\" class=\"wp-image-258\" srcset=\"https:\/\/thierrygarance.fr\/wp-content\/uploads\/2025\/09\/paperwonder-vue-535x1024.png 535w, https:\/\/thierrygarance.fr\/wp-content\/uploads\/2025\/09\/paperwonder-vue-157x300.png 157w, https:\/\/thierrygarance.fr\/wp-content\/uploads\/2025\/09\/paperwonder-vue-768x1469.png 768w, https:\/\/thierrygarance.fr\/wp-content\/uploads\/2025\/09\/paperwonder-vue-803x1536.png 803w, https:\/\/thierrygarance.fr\/wp-content\/uploads\/2025\/09\/paperwonder-vue-600x1148.png 600w, https:\/\/thierrygarance.fr\/wp-content\/uploads\/2025\/09\/paperwonder-vue.png 946w\" sizes=\"auto, (max-width: 535px) 100vw, 535px\" \/><\/figure><\/div>\n\n<div class=\"wp-block-column is-layout-flow wp-block-column-is-layout-flow\" style=\"flex-basis:66.66%\"><p>\u00ab Le nid d\u2019abeille ou Honeycomb en Drop Paper\u00ae de Proc\u00e9d\u00e9s Chenel est un m\u00e9dium qui n\u2019avait encore jamais \u00e9t\u00e9 sculpt\u00e9. La raison est simple, basique et sans appel : il n\u2019est pas possible de tailler dans une mati\u00e8re molle qui se d\u00e9forme. Physiquement, c\u2019est un peu comme couper des nouilles pour en faire un bouquet de fleurs.<\/p>\n\n<p>Apr\u00e8s quelques ann\u00e9es de recherches, j\u2019ai enfin mis au point une technique, fruit de la collaboration avec un ing\u00e9nieur informaticien et ami, Xavier Bouquin. Si le processus reste long en conception et en fa\u00e7onnage, les r\u00e9sultats montrent des propri\u00e9t\u00e9s innovantes et spectaculaires qui confirment le potentiel de l\u2019id\u00e9e. C\u2019est donc avec une grande joie et un brin de fiert\u00e9 que je vous pr\u00e9sente cette exposition ! \u00bb<\/p>\n\n<p class=\"has-medium-font-size\"><strong>\u00ab L\u2019art doit na\u00eetre du mat\u00e9riau \u00bb Jean Dubuffet<\/strong><\/p>\n\n<p>Cette bien jolie phrase aura servi de guide. Ce nouveau proc\u00e9d\u00e9 de d\u00e9coupe dans une structure alv\u00e9olaire souple \u00e0 base de papier regroupe ces particularit\u00e9s intrins\u00e8ques ; la densit\u00e9, la possibilit\u00e9 de s\u2019\u00e9craser ou se d\u00e9plier, la mollesse, le mouvement et une lecture du volume permettant de voir \u00e0 l\u2019int\u00e9rieur d\u2019un objet sans que celui-ci soit transparent. Comme aucun m\u00e9dium n\u2019avait encore r\u00e9uni ces qualit\u00e9s, c\u2019est l\u2019opportunit\u00e9 de d\u00e9couvrir des possibilit\u00e9s d\u2019expression et de repr\u00e9sentation encore inconnues.<\/p><\/div><\/div><div class=\"wp-block-columns is-layout-flex wp-container-core-columns-is-layout-8d88fe0f wp-block-columns-is-layout-flex\" style=\"padding-top:var(--wp--preset--spacing--20);padding-bottom:var(--wp--preset--spacing--20)\"><div class=\"wp-block-column is-layout-flow wp-block-column-is-layout-flow\"><p>Les possibilit\u00e9s de la m\u00e9thode<br>La technique r\u00e9v\u00e8le une texture qui n\u2019avait pour l\u2019instant pas de mati\u00e8re commune.<br>Magie de cette sculpture, elle se d\u00e9ploie en longueur comme un accord\u00e9on ou suivant un axe comme un \u00e9ventail.<\/p>\n\n<p>Et pour chacune il y a possibilit\u00e9 de laisser du mou. Le mou, \u00e7a bouge, et si \u00e7a bouge, c\u2019est qu\u2019il y a de la vie. Ou au contraire une tension, le nid d\u2019abeille est \u00e9tir\u00e9 au maximum et devient rigide. Il comprend moins de feuilles, donc moins de d\u00e9finition. Il est r\u00e9sulte une abstraction qui joue avec la lecture de la forme, mais une volont\u00e9 de lisibilit\u00e9 du volume l\u2019\u00e9loigne des \u0153uvres en feutre de Robert Morris (Pink Felt, 1970).<\/p><\/div>\n\n<div class=\"wp-block-column is-layout-flow wp-block-column-is-layout-flow\"><figure class=\"wp-block-image size-large\"><img loading=\"lazy\" decoding=\"async\" width=\"1024\" height=\"768\" src=\"https:\/\/thierrygarance.fr\/wp-content\/uploads\/2025\/09\/IMG_1514-1024x768.jpeg\" alt=\"\" class=\"wp-image-261\" srcset=\"https:\/\/thierrygarance.fr\/wp-content\/uploads\/2025\/09\/IMG_1514-1024x768.jpeg 1024w, https:\/\/thierrygarance.fr\/wp-content\/uploads\/2025\/09\/IMG_1514-300x225.jpeg 300w, https:\/\/thierrygarance.fr\/wp-content\/uploads\/2025\/09\/IMG_1514-768x576.jpeg 768w, https:\/\/thierrygarance.fr\/wp-content\/uploads\/2025\/09\/IMG_1514-1536x1152.jpeg 1536w, https:\/\/thierrygarance.fr\/wp-content\/uploads\/2025\/09\/IMG_1514-2048x1536.jpeg 2048w, https:\/\/thierrygarance.fr\/wp-content\/uploads\/2025\/09\/IMG_1514-600x450.jpeg 600w\" sizes=\"auto, (max-width: 1024px) 100vw, 1024px\" \/><\/figure><\/div><\/div><div class=\"wp-block-columns is-layout-flex wp-container-core-columns-is-layout-ec2e7a44 wp-block-columns-is-layout-flex\" style=\"padding-top:0;padding-bottom:0\"><div class=\"wp-block-column is-layout-flow wp-block-column-is-layout-flow\" style=\"flex-basis:66.66%\"><p><strong>\u00c9l\u00e9vation. \u00c9tirer, d\u00e9plier&#8230;<\/strong><br>C\u2019est d\u2019abord une sculpture qui se replie sur un de ses trois axes ; un gros volume devient une cr\u00eape, ce qui est beaucoup plus pratique pour pouvoir l\u2019emmener en vacances.<\/p>\n\n<p>J\u2019en profite ici pour noter la diff\u00e9rence avec l\u2019\u0153uvre de Li Hongbo, seul artiste \u00e0 travailler la m\u00eame structure alv\u00e9olaire qu\u2019il ponce en l\u2019ayant compress\u00e9e, elle peut ensuite se d\u00e9ployer.<\/p>\n\n<p>Ici les sculptures sont nativement d\u00e9ploy\u00e9es en formant comme un grillage. Toute la richesse du m\u00e9dium r\u00e9side dans cette difficult\u00e9 !<\/p>\n\n<p>C\u2019est le papier d\u00e9j\u00e0 \u00e9tir\u00e9 qui est sculpt\u00e9, sa forme devient inconstante et subit l\u2019attraction terrestre.<br>Le mat\u00e9riau poss\u00e8de flexibilit\u00e9, ressort et d\u00e9formation. Les propri\u00e9t\u00e9s du Drop Paper\u00ae donnent une rigidit\u00e9 et une solidit\u00e9 bien sup\u00e9rieure au simple papier.<\/p><\/div>\n\n<div class=\"wp-block-column is-layout-flow wp-block-column-is-layout-flow\" style=\"flex-basis:33.33%\"><p><strong>Rotation. Ouvert comme un livre.<\/strong><br>Les nostalgiques des livres en pop-up vont \u00eatre ravis ! En s\u2019ouvrant sur un axe, la sculpture r\u00e9v\u00e8le une nouvelle architecture du volume.<\/p>\n\n<figure class=\"wp-block-image size-large\"><img loading=\"lazy\" decoding=\"async\" width=\"909\" height=\"1024\" src=\"https:\/\/thierrygarance.fr\/wp-content\/uploads\/2025\/09\/expo-StJAcut01-909x1024.png\" alt=\"\" class=\"wp-image-263\" srcset=\"https:\/\/thierrygarance.fr\/wp-content\/uploads\/2025\/09\/expo-StJAcut01-909x1024.png 909w, https:\/\/thierrygarance.fr\/wp-content\/uploads\/2025\/09\/expo-StJAcut01-266x300.png 266w, https:\/\/thierrygarance.fr\/wp-content\/uploads\/2025\/09\/expo-StJAcut01-768x865.png 768w, https:\/\/thierrygarance.fr\/wp-content\/uploads\/2025\/09\/expo-StJAcut01-600x676.png 600w, https:\/\/thierrygarance.fr\/wp-content\/uploads\/2025\/09\/expo-StJAcut01.png 1094w\" sizes=\"auto, (max-width: 909px) 100vw, 909px\" \/><\/figure><\/div><\/div><div class=\"wp-block-columns is-layout-flex wp-container-core-columns-is-layout-ec2e7a44 wp-block-columns-is-layout-flex\" style=\"padding-top:0;padding-bottom:0\"><div class=\"wp-block-column is-layout-flow wp-block-column-is-layout-flow\"><p><strong>CUBE<\/strong><br>Un cube parfait malgr\u00e9 les fortes tensions et d\u00e9formations li\u00e9es \u00e0 la technique.<br>Au centre, on peut visualiser une boule parfaite. Cette mati\u00e8re, comme grillag\u00e9e, ne permet pas de voir par transparence, mais par tranches. C\u2019est une nouvelle repr\u00e9sentation de l\u2019espace.<\/p>\n\n<figure class=\"wp-block-image size-full\"><img loading=\"lazy\" decoding=\"async\" width=\"792\" height=\"794\" src=\"https:\/\/thierrygarance.fr\/wp-content\/uploads\/2025\/09\/CubeCombSculpt.png\" alt=\"\" class=\"wp-image-265\" srcset=\"https:\/\/thierrygarance.fr\/wp-content\/uploads\/2025\/09\/CubeCombSculpt.png 792w, https:\/\/thierrygarance.fr\/wp-content\/uploads\/2025\/09\/CubeCombSculpt-300x300.png 300w, https:\/\/thierrygarance.fr\/wp-content\/uploads\/2025\/09\/CubeCombSculpt-150x150.png 150w, https:\/\/thierrygarance.fr\/wp-content\/uploads\/2025\/09\/CubeCombSculpt-768x770.png 768w, https:\/\/thierrygarance.fr\/wp-content\/uploads\/2025\/09\/CubeCombSculpt-600x602.png 600w, https:\/\/thierrygarance.fr\/wp-content\/uploads\/2025\/09\/CubeCombSculpt-100x100.png 100w\" sizes=\"auto, (max-width: 792px) 100vw, 792px\" \/><\/figure><\/div>\n\n<div class=\"wp-block-column is-layout-flow wp-block-column-is-layout-flow\"><p>CR\u00c2NE<br>Le cr\u00e2ne en papier Drop Paper\u00ae sculpt\u00e9 en nid d\u2019abeille reprend cette vision int\u00e9rieure, mais ici, les tranches de la cervelle ont \u00e9t\u00e9 peintes avant le collage.<br>Le volume de la cervelle suit parfaitement celui du cr\u00e2ne, \u00e9pousant chaque lamelle de feuille dans sa distribution et ses d\u00e9formations.<\/p>\n\n<figure class=\"wp-block-image size-large is-resized\"><img loading=\"lazy\" decoding=\"async\" width=\"935\" height=\"1024\" src=\"http:\/\/thierrygarance.fr\/wp-content\/uploads\/2025\/09\/Crane-site-935x1024.png\" alt=\"\" class=\"wp-image-267\" style=\"width:465px;height:auto\" srcset=\"https:\/\/thierrygarance.fr\/wp-content\/uploads\/2025\/09\/Crane-site-935x1024.png 935w, https:\/\/thierrygarance.fr\/wp-content\/uploads\/2025\/09\/Crane-site-274x300.png 274w, https:\/\/thierrygarance.fr\/wp-content\/uploads\/2025\/09\/Crane-site-768x842.png 768w, https:\/\/thierrygarance.fr\/wp-content\/uploads\/2025\/09\/Crane-site-1402x1536.png 1402w, https:\/\/thierrygarance.fr\/wp-content\/uploads\/2025\/09\/Crane-site-600x657.png 600w, https:\/\/thierrygarance.fr\/wp-content\/uploads\/2025\/09\/Crane-site.png 1462w\" sizes=\"auto, (max-width: 935px) 100vw, 935px\" \/><\/figure><\/div><\/div><div class=\"wp-block-columns is-layout-flex wp-container-core-columns-is-layout-8d88fe0f wp-block-columns-is-layout-flex\" style=\"padding-top:var(--wp--preset--spacing--20);padding-bottom:var(--wp--preset--spacing--20)\"><div class=\"wp-block-column is-layout-flow wp-block-column-is-layout-flow\"><p><strong>LION<\/strong><br>Ce lion de M\u00e9sopotamie digitalis\u00e9 en 3D \u00e0 partir d\u2019une sculpture antique, a \u00e9t\u00e9 recr\u00e9\u00e9 \u00e0 l\u2019\u00e9chelle r\u00e9elle d\u2019un lion avec 100 pages pour une longueur de 2 m, selon la technique de l\u2019\u00e9l\u00e9vation.<br>Il se replie et tient dans un carton. Son support permet de le remettre \u00e0 la bonne taille, mais rien n\u2019emp\u00eache de jouer \u00e0 le d\u00e9former, sans risque de l\u2019abimer.<\/p>\n\n<figure class=\"wp-block-image size-large\"><img loading=\"lazy\" decoding=\"async\" width=\"1024\" height=\"948\" src=\"https:\/\/thierrygarance.fr\/wp-content\/uploads\/2025\/09\/lion-site-1024x948.png\" alt=\"\" class=\"wp-image-268\" srcset=\"https:\/\/thierrygarance.fr\/wp-content\/uploads\/2025\/09\/lion-site-1024x948.png 1024w, https:\/\/thierrygarance.fr\/wp-content\/uploads\/2025\/09\/lion-site-300x278.png 300w, https:\/\/thierrygarance.fr\/wp-content\/uploads\/2025\/09\/lion-site-768x711.png 768w, https:\/\/thierrygarance.fr\/wp-content\/uploads\/2025\/09\/lion-site-1536x1421.png 1536w, https:\/\/thierrygarance.fr\/wp-content\/uploads\/2025\/09\/lion-site-600x555.png 600w, https:\/\/thierrygarance.fr\/wp-content\/uploads\/2025\/09\/lion-site.png 1850w\" sizes=\"auto, (max-width: 1024px) 100vw, 1024px\" \/><\/figure><\/div>\n\n<div class=\"wp-block-column is-layout-flow wp-block-column-is-layout-flow\"><p><strong>VOITURE<\/strong><br>\u2018Dodge Charger\u2019<br>L\u2019occasion de d\u00e9ployer la vision en \u00e9ventail du principe de sculpture sur un mod\u00e8le aux lignes reconnaissables entre mille. La souplesse que conserve le volume donne une notion de vivant \u00e0 ce tas de ferraille, comme dans les vieux films d\u2019horreur burlesques.<\/p>\n\n<figure class=\"wp-block-image size-large\"><img loading=\"lazy\" decoding=\"async\" width=\"956\" height=\"1024\" src=\"https:\/\/thierrygarance.fr\/wp-content\/uploads\/2025\/09\/voitureDodge-site-956x1024.png\" alt=\"\" class=\"wp-image-269\" srcset=\"https:\/\/thierrygarance.fr\/wp-content\/uploads\/2025\/09\/voitureDodge-site-956x1024.png 956w, https:\/\/thierrygarance.fr\/wp-content\/uploads\/2025\/09\/voitureDodge-site-280x300.png 280w, https:\/\/thierrygarance.fr\/wp-content\/uploads\/2025\/09\/voitureDodge-site-768x823.png 768w, https:\/\/thierrygarance.fr\/wp-content\/uploads\/2025\/09\/voitureDodge-site-600x643.png 600w, https:\/\/thierrygarance.fr\/wp-content\/uploads\/2025\/09\/voitureDodge-site.png 1292w\" sizes=\"auto, (max-width: 956px) 100vw, 956px\" \/><\/figure><\/div><\/div><div class=\"wp-block-columns is-layout-flex wp-container-core-columns-is-layout-8d88fe0f wp-block-columns-is-layout-flex\" style=\"padding-top:var(--wp--preset--spacing--20);padding-bottom:var(--wp--preset--spacing--20)\"><div class=\"wp-block-column is-layout-flow wp-block-column-is-layout-flow\"><p><strong>CHAT<\/strong><br>Particuli\u00e8rement adapt\u00e9 au rythme de la vie moderne, le chat en sculpture Drop Paper\u00ae sera votre fid\u00e8le compagnon \u00e0 emporter partout.<br>D\u2019une pr\u00e9sence saisissante, il combine les avantages de ne pas faire ses griffes sur le canap\u00e9 tout neuf et de se replier en une fine galette pour vous suivre aux quatre coins du monde. Disponible en diff\u00e9rentes robes et poses, il risque de faire de l\u2019ombre \u00e0 son original&#8230;<\/p>\n\n<figure class=\"wp-block-image size-large\"><img loading=\"lazy\" decoding=\"async\" width=\"1024\" height=\"946\" src=\"https:\/\/thierrygarance.fr\/wp-content\/uploads\/2025\/09\/Chat-HoneyComb-Sculpt-1024x946.png\" alt=\"\" class=\"wp-image-271\" srcset=\"https:\/\/thierrygarance.fr\/wp-content\/uploads\/2025\/09\/Chat-HoneyComb-Sculpt-1024x946.png 1024w, https:\/\/thierrygarance.fr\/wp-content\/uploads\/2025\/09\/Chat-HoneyComb-Sculpt-300x277.png 300w, https:\/\/thierrygarance.fr\/wp-content\/uploads\/2025\/09\/Chat-HoneyComb-Sculpt-768x709.png 768w, https:\/\/thierrygarance.fr\/wp-content\/uploads\/2025\/09\/Chat-HoneyComb-Sculpt-1536x1419.png 1536w, https:\/\/thierrygarance.fr\/wp-content\/uploads\/2025\/09\/Chat-HoneyComb-Sculpt-600x554.png 600w, https:\/\/thierrygarance.fr\/wp-content\/uploads\/2025\/09\/Chat-HoneyComb-Sculpt.png 1756w\" sizes=\"auto, (max-width: 1024px) 100vw, 1024px\" \/><\/figure><\/div>\n\n<div class=\"wp-block-column is-layout-flow wp-block-column-is-layout-flow\"><p><strong>NUAGE<\/strong><br>La d\u00e9co atteint son point culminant avec ce volume de 2,20 m qui se d\u00e9plie et s\u2019\u00e9claire.<br>\u00c9clair\u00e9 comme s\u2019il \u00e9tait travers\u00e9 par les rayons du soleil, ce nuage monumental, mont\u00e9 sur c\u00e2bles, s\u2019\u00e9crase pour se fondre \u00e0 la surface du plafond.<\/p>\n\n<figure class=\"wp-block-image size-large\"><img loading=\"lazy\" decoding=\"async\" width=\"965\" height=\"1024\" src=\"https:\/\/thierrygarance.fr\/wp-content\/uploads\/2025\/09\/Nuage-site-965x1024.png\" alt=\"\" class=\"wp-image-272\" srcset=\"https:\/\/thierrygarance.fr\/wp-content\/uploads\/2025\/09\/Nuage-site-965x1024.png 965w, https:\/\/thierrygarance.fr\/wp-content\/uploads\/2025\/09\/Nuage-site-283x300.png 283w, https:\/\/thierrygarance.fr\/wp-content\/uploads\/2025\/09\/Nuage-site-768x815.png 768w, https:\/\/thierrygarance.fr\/wp-content\/uploads\/2025\/09\/Nuage-site-600x636.png 600w, https:\/\/thierrygarance.fr\/wp-content\/uploads\/2025\/09\/Nuage-site.png 1250w\" sizes=\"auto, (max-width: 965px) 100vw, 965px\" \/><\/figure><\/div><\/div>","protected":false},"excerpt":{"rendered":"<p>\u00ab Le nid d\u2019abeille ou Honeycomb en Drop Paper\u00ae de Proc\u00e9d\u00e9s Chenel est un m\u00e9dium qui n\u2019avait encore jamais \u00e9t\u00e9 [&hellip;]<\/p>\n","protected":false},"author":1,"featured_media":0,"parent":0,"menu_order":0,"comment_status":"closed","ping_status":"closed","template":"","meta":{"site-sidebar-layout":"default","site-content-layout":"","ast-site-content-layout":"","site-content-style":"default","site-sidebar-style":"default","ast-global-header-display":"","ast-banner-title-visibility":"","ast-main-header-display":"","ast-hfb-above-header-display":"","ast-hfb-below-header-display":"","ast-hfb-mobile-header-display":"","site-post-title":"","ast-breadcrumbs-content":"","ast-featured-img":"","footer-sml-layout":"","theme-transparent-header-meta":"","adv-header-id-meta":"","stick-header-meta":"","header-above-stick-meta":"","header-main-stick-meta":"","header-below-stick-meta":"","astra-migrate-meta-layouts":"default","ast-page-background-enabled":"default","ast-page-background-meta":{"desktop":{"background-color":"var(--ast-global-color-4)","background-image":"","background-repeat":"repeat","background-position":"center center","background-size":"auto","background-attachment":"scroll","background-type":"","background-media":"","overlay-type":"","overlay-color":"","overlay-gradient":""},"tablet":{"background-color":"","background-image":"","background-repeat":"repeat","background-position":"center center","background-size":"auto","background-attachment":"scroll","background-type":"","background-media":"","overlay-type":"","overlay-color":"","overlay-gradient":""},"mobile":{"background-color":"","background-image":"","background-repeat":"repeat","background-position":"center center","background-size":"auto","background-attachment":"scroll","background-type":"","background-media":"","overlay-type":"","overlay-color":"","overlay-gradient":""}},"ast-content-background-meta":{"desktop":{"background-color":"var(--ast-global-color-5)","background-image":"","background-repeat":"repeat","background-position":"center center","background-size":"auto","background-attachment":"scroll","background-type":"","background-media":"","overlay-type":"","overlay-color":"","overlay-gradient":""},"tablet":{"background-color":"var(--ast-global-color-5)","background-image":"","background-repeat":"repeat","background-position":"center center","background-size":"auto","background-attachment":"scroll","background-type":"","background-media":"","overlay-type":"","overlay-color":"","overlay-gradient":""},"mobile":{"background-color":"var(--ast-global-color-5)","background-image":"","background-repeat":"repeat","background-position":"center center","background-size":"auto","background-attachment":"scroll","background-type":"","background-media":"","overlay-type":"","overlay-color":"","overlay-gradient":""}},"footnotes":""},"class_list":["post-257","page","type-page","status-publish","hentry"],"jetpack_sharing_enabled":true,"_links":{"self":[{"href":"https:\/\/thierrygarance.fr\/index.php\/wp-json\/wp\/v2\/pages\/257","targetHints":{"allow":["GET"]}}],"collection":[{"href":"https:\/\/thierrygarance.fr\/index.php\/wp-json\/wp\/v2\/pages"}],"about":[{"href":"https:\/\/thierrygarance.fr\/index.php\/wp-json\/wp\/v2\/types\/page"}],"author":[{"embeddable":true,"href":"https:\/\/thierrygarance.fr\/index.php\/wp-json\/wp\/v2\/users\/1"}],"replies":[{"embeddable":true,"href":"https:\/\/thierrygarance.fr\/index.php\/wp-json\/wp\/v2\/comments?post=257"}],"version-history":[{"count":8,"href":"https:\/\/thierrygarance.fr\/index.php\/wp-json\/wp\/v2\/pages\/257\/revisions"}],"predecessor-version":[{"id":276,"href":"https:\/\/thierrygarance.fr\/index.php\/wp-json\/wp\/v2\/pages\/257\/revisions\/276"}],"wp:attachment":[{"href":"https:\/\/thierrygarance.fr\/index.php\/wp-json\/wp\/v2\/media?parent=257"}],"curies":[{"name":"wp","href":"https:\/\/api.w.org\/{rel}","templated":true}]}}