{"id":6,"date":"2024-03-04T15:55:48","date_gmt":"2024-03-04T14:55:48","guid":{"rendered":"https:\/\/thierrygarance.fr\/?page_id=6"},"modified":"2025-09-27T17:52:08","modified_gmt":"2025-09-27T15:52:08","slug":"accueil","status":"publish","type":"page","link":"https:\/\/thierrygarance.fr\/","title":{"rendered":"Accueil"},"content":{"rendered":"<div class=\"wp-block-group alignfull is-layout-constrained wp-block-group-is-layout-constrained\" id=\"services\" style=\"padding-top:0px;padding-bottom:0px\"><div class=\"wp-block-columns is-layout-flex wp-container-core-columns-is-layout-60cbf9bb wp-block-columns-is-layout-flex\" style=\"margin-top:50px\"><div class=\"wp-block-column is-layout-flow wp-container-core-column-is-layout-6b73ce23 wp-block-column-is-layout-flow\"><figure class=\"wp-block-image size-full\"><img loading=\"lazy\" decoding=\"async\" width=\"360\" height=\"360\" src=\"https:\/\/thierrygarance.fr\/wp-content\/uploads\/2025\/09\/Chat-Honey-Sculpt.jpg\" alt=\"\" class=\"wp-image-246\" srcset=\"https:\/\/thierrygarance.fr\/wp-content\/uploads\/2025\/09\/Chat-Honey-Sculpt.jpg 360w, https:\/\/thierrygarance.fr\/wp-content\/uploads\/2025\/09\/Chat-Honey-Sculpt-300x300.jpg 300w, https:\/\/thierrygarance.fr\/wp-content\/uploads\/2025\/09\/Chat-Honey-Sculpt-150x150.jpg 150w, https:\/\/thierrygarance.fr\/wp-content\/uploads\/2025\/09\/Chat-Honey-Sculpt-100x100.jpg 100w\" sizes=\"auto, (max-width: 360px) 100vw, 360px\" \/><\/figure>\n\n<h3 class=\"wp-block-heading has-ast-global-color-2-color has-text-color has-link-color wp-elements-f9a3991009f91cb50bf1c6cd98bc905c\" style=\"margin-top:16px\">Honey Sculpt<\/h3>\n\n<p>La nouvelle forme de sculpture en nid d&rsquo;abeille de papier.<\/p><\/div>\n\n<div class=\"wp-block-column is-layout-flow wp-container-core-column-is-layout-6b73ce23 wp-block-column-is-layout-flow\"><figure class=\"wp-block-image size-full\"><a href=\"https:\/\/thierrygarance.fr\/index.php\/artiste\/\"><img loading=\"lazy\" decoding=\"async\" width=\"360\" height=\"360\" src=\"http:\/\/thierrygarance.fr\/wp-content\/uploads\/2024\/03\/intro-peinture2.jpg\" alt=\"\" class=\"wp-image-36\" srcset=\"https:\/\/thierrygarance.fr\/wp-content\/uploads\/2024\/03\/intro-peinture2.jpg 360w, https:\/\/thierrygarance.fr\/wp-content\/uploads\/2024\/03\/intro-peinture2-300x300.jpg 300w, https:\/\/thierrygarance.fr\/wp-content\/uploads\/2024\/03\/intro-peinture2-100x100.jpg 100w, https:\/\/thierrygarance.fr\/wp-content\/uploads\/2024\/03\/intro-peinture2-150x150.jpg 150w\" sizes=\"auto, (max-width: 360px) 100vw, 360px\" \/><\/a><\/figure>\n\n<h3 class=\"wp-block-heading\" style=\"margin-top:16px\">Peintures &amp; Sculptures <\/h3>\n\n<p>Sur petits ou grands formats, une recherche de l&rsquo;iconographie de l&rsquo;\u00e9rotisme depuis 1996.<\/p><\/div>\n\n<div class=\"wp-block-column is-layout-flow wp-container-core-column-is-layout-6b73ce23 wp-block-column-is-layout-flow\"><figure class=\"wp-block-image size-full\"><img loading=\"lazy\" decoding=\"async\" width=\"360\" height=\"360\" src=\"http:\/\/thierrygarance.fr\/wp-content\/uploads\/2024\/03\/intro-real.png\" alt=\"\" class=\"wp-image-37\" srcset=\"https:\/\/thierrygarance.fr\/wp-content\/uploads\/2024\/03\/intro-real.png 360w, https:\/\/thierrygarance.fr\/wp-content\/uploads\/2024\/03\/intro-real-300x300.png 300w, https:\/\/thierrygarance.fr\/wp-content\/uploads\/2024\/03\/intro-real-100x100.png 100w, https:\/\/thierrygarance.fr\/wp-content\/uploads\/2024\/03\/intro-real-150x150.png 150w\" sizes=\"auto, (max-width: 360px) 100vw, 360px\" \/><\/figure>\n\n<h3 class=\"wp-block-heading\" style=\"margin-top:16px\">R\u00e9alisateur<\/h3>\n\n<p>S\u00e9ries anim\u00e9es bas\u00e9es sur le dessins de presse.<\/p><\/div><\/div><\/div><div class=\"wp-block-columns is-layout-flex wp-container-core-columns-is-layout-28f84493 wp-block-columns-is-layout-flex\"><div class=\"wp-block-column is-layout-flow wp-block-column-is-layout-flow\" style=\"flex-basis:66.66%\"><h3 class=\"wp-block-heading has-text-align-center\" style=\"margin-top:16px\">UN TRAVAIL PROT\u00c9IFORME<\/h3>\n\n<p>H\u00e9t\u00e9roclite, allant du pop-art \u00e0 l\u2019abstraction, son expression passe aussi par la sculpture, les installations ou les meubles, la lingerie en papier (qui se d\u00e9chire\u2026).<br>Artiste multi-carte, Thierry Garance est par ailleurs r\u00e9alisateur de dessin-anim\u00e9. Le croisement des activit\u00e9s, et la notion de mouvement dans le temps est ainsi apparue en peinture et sculpture. D\u2019abord avec les enseignes lumineuses dont l\u2019allumage apporte un deuxi\u00e8me \u00e9tat dans la composition, r\u00e9v\u00e9lant une partie de corps par un jeu de lumi\u00e8re en ombre chinoise.<\/p><\/div>\n\n<div class=\"wp-block-column is-layout-flow wp-block-column-is-layout-flow\" style=\"flex-basis:33.33%\"><figure class=\"wp-block-image size-full\"><img loading=\"lazy\" decoding=\"async\" width=\"360\" height=\"360\" src=\"http:\/\/thierrygarance.fr\/wp-content\/uploads\/2024\/03\/tiktok2023Vep-carre-1.jpg\" alt=\"\" class=\"wp-image-40\" srcset=\"https:\/\/thierrygarance.fr\/wp-content\/uploads\/2024\/03\/tiktok2023Vep-carre-1.jpg 360w, https:\/\/thierrygarance.fr\/wp-content\/uploads\/2024\/03\/tiktok2023Vep-carre-1-300x300.jpg 300w, https:\/\/thierrygarance.fr\/wp-content\/uploads\/2024\/03\/tiktok2023Vep-carre-1-100x100.jpg 100w, https:\/\/thierrygarance.fr\/wp-content\/uploads\/2024\/03\/tiktok2023Vep-carre-1-150x150.jpg 150w\" sizes=\"auto, (max-width: 360px) 100vw, 360px\" \/><figcaption class=\"wp-element-caption\"><sub>Installation Tik-Tok dans ta t\u00eate\/ Vent en Poulpe<\/sub> <\/figcaption><\/figure><\/div><\/div><div class=\"wp-block-group alignwide is-vertical is-layout-flex wp-container-core-group-is-layout-c9a126e4 wp-block-group-is-layout-flex\" id=\"services\" style=\"padding-top:0px;padding-bottom:0px;padding-left:0\"><\/div><p><\/p>","protected":false},"excerpt":{"rendered":"<p>Honey Sculpt La nouvelle forme de sculpture en nid d&rsquo;abeille de papier. Peintures &amp; Sculptures Sur petits ou grands formats, [&hellip;]<\/p>\n","protected":false},"author":1,"featured_media":0,"parent":0,"menu_order":0,"comment_status":"closed","ping_status":"closed","template":"","meta":{"site-sidebar-layout":"no-sidebar","site-content-layout":"plain-container","ast-site-content-layout":"","site-content-style":"default","site-sidebar-style":"default","ast-global-header-display":"","ast-banner-title-visibility":"","ast-main-header-display":"","ast-hfb-above-header-display":"","ast-hfb-below-header-display":"","ast-hfb-mobile-header-display":"","site-post-title":"disabled","ast-breadcrumbs-content":"","ast-featured-img":"","footer-sml-layout":"","theme-transparent-header-meta":"enabled","adv-header-id-meta":"","stick-header-meta":"","header-above-stick-meta":"","header-main-stick-meta":"","header-below-stick-meta":"","astra-migrate-meta-layouts":"default","ast-page-background-enabled":"default","ast-page-background-meta":{"desktop":{"background-color":"var(--ast-global-color-4)","background-image":"","background-repeat":"repeat","background-position":"center center","background-size":"auto","background-attachment":"scroll","background-type":"","background-media":"","overlay-type":"","overlay-color":"","overlay-gradient":""},"tablet":{"background-color":"","background-image":"","background-repeat":"repeat","background-position":"center center","background-size":"auto","background-attachment":"scroll","background-type":"","background-media":"","overlay-type":"","overlay-color":"","overlay-gradient":""},"mobile":{"background-color":"","background-image":"","background-repeat":"repeat","background-position":"center center","background-size":"auto","background-attachment":"scroll","background-type":"","background-media":"","overlay-type":"","overlay-color":"","overlay-gradient":""}},"ast-content-background-meta":{"desktop":{"background-color":"var(--ast-global-color-5)","background-image":"","background-repeat":"repeat","background-position":"center center","background-size":"auto","background-attachment":"scroll","background-type":"","background-media":"","overlay-type":"","overlay-color":"","overlay-gradient":""},"tablet":{"background-color":"var(--ast-global-color-5)","background-image":"","background-repeat":"repeat","background-position":"center center","background-size":"auto","background-attachment":"scroll","background-type":"","background-media":"","overlay-type":"","overlay-color":"","overlay-gradient":""},"mobile":{"background-color":"var(--ast-global-color-5)","background-image":"","background-repeat":"repeat","background-position":"center center","background-size":"auto","background-attachment":"scroll","background-type":"","background-media":"","overlay-type":"","overlay-color":"","overlay-gradient":""}},"footnotes":""},"class_list":["post-6","page","type-page","status-publish","hentry"],"jetpack_sharing_enabled":true,"_links":{"self":[{"href":"https:\/\/thierrygarance.fr\/index.php\/wp-json\/wp\/v2\/pages\/6","targetHints":{"allow":["GET"]}}],"collection":[{"href":"https:\/\/thierrygarance.fr\/index.php\/wp-json\/wp\/v2\/pages"}],"about":[{"href":"https:\/\/thierrygarance.fr\/index.php\/wp-json\/wp\/v2\/types\/page"}],"author":[{"embeddable":true,"href":"https:\/\/thierrygarance.fr\/index.php\/wp-json\/wp\/v2\/users\/1"}],"replies":[{"embeddable":true,"href":"https:\/\/thierrygarance.fr\/index.php\/wp-json\/wp\/v2\/comments?post=6"}],"version-history":[{"count":31,"href":"https:\/\/thierrygarance.fr\/index.php\/wp-json\/wp\/v2\/pages\/6\/revisions"}],"predecessor-version":[{"id":275,"href":"https:\/\/thierrygarance.fr\/index.php\/wp-json\/wp\/v2\/pages\/6\/revisions\/275"}],"wp:attachment":[{"href":"https:\/\/thierrygarance.fr\/index.php\/wp-json\/wp\/v2\/media?parent=6"}],"curies":[{"name":"wp","href":"https:\/\/api.w.org\/{rel}","templated":true}]}}